{"id":485,"date":"2020-11-12T20:40:09","date_gmt":"2020-11-12T22:40:09","guid":{"rendered":"https:\/\/quadrinhosdahora.com.br\/?page_id=485"},"modified":"2020-11-22T15:01:33","modified_gmt":"2020-11-22T17:01:33","slug":"eureka","status":"publish","type":"page","link":"https:\/\/quadrinhosdahora.com.br\/?page_id=485","title":{"rendered":"Eureka"},"content":{"rendered":"\n<h5 class=\"wp-block-heading\"><strong>Lula Moura (roteiro, dire\u00e7\u00e3o e produ\u00e7\u00e3o) &amp; C\u00edcero de Souza (desenho)<\/strong><\/h5>\n\n\n\n<h5 class=\"wp-block-heading\">Epis\u00f3dios&#8230;<\/h5>\n\n\n\n<div class=\"wp-block-columns is-layout-flex wp-container-core-columns-is-layout-1 wp-block-columns-is-layout-flex\">\n<div class=\"wp-block-column is-layout-flow wp-block-column-is-layout-flow\">\n<figure class=\"wp-block-image size-large is-style-default\"><a href=\"https:\/\/quadrinhosdahora.com.br\/eureka-hq-1\/\"><img loading=\"lazy\" decoding=\"async\" width=\"600\" height=\"750\" src=\"http:\/\/quadrinhosdahora.com.br\/wp-content\/uploads\/2020\/11\/Eureka-600-x-750.png\" alt=\"\" class=\"wp-image-486\" srcset=\"https:\/\/quadrinhosdahora.com.br\/wp-content\/uploads\/2020\/11\/Eureka-600-x-750.png 600w, https:\/\/quadrinhosdahora.com.br\/wp-content\/uploads\/2020\/11\/Eureka-600-x-750-240x300.png 240w\" sizes=\"(max-width: 600px) 100vw, 600px\" \/><\/a><figcaption><a href=\"https:\/\/quadrinhosdahora.com.br\/eureka-hq-1\/\" data-type=\"page\" data-id=\"491\">Epis\u00f3dio 0001 &#8211; Saudade<\/a><\/figcaption><\/figure>\n<\/div>\n\n\n\n<div class=\"wp-block-column is-layout-flow wp-block-column-is-layout-flow\"><\/div>\n\n\n\n<div class=\"wp-block-column is-layout-flow wp-block-column-is-layout-flow\"><\/div>\n<\/div>\n\n\n<p style=\"text-align: center;\"><a href=\"https:\/\/quadrinhosdahora.com.br\/turma-do-zoiudo\/\"><img loading=\"lazy\" decoding=\"async\" class=\"wp-image-264 aligncenter\" src=\"http:\/\/quadrinhosdahora.com.br\/wp-content\/uploads\/2020\/10\/voltar-PNG-2-300x300.png\" alt=\"\" width=\"95\" height=\"95\" srcset=\"https:\/\/quadrinhosdahora.com.br\/wp-content\/uploads\/2020\/10\/voltar-PNG-2-300x300.png 300w, https:\/\/quadrinhosdahora.com.br\/wp-content\/uploads\/2020\/10\/voltar-PNG-2-150x150.png 150w, https:\/\/quadrinhosdahora.com.br\/wp-content\/uploads\/2020\/10\/voltar-PNG-2-768x768.png 768w, https:\/\/quadrinhosdahora.com.br\/wp-content\/uploads\/2020\/10\/voltar-PNG-2.png 900w\" sizes=\"(max-width: 95px) 100vw, 95px\" \/><\/a><a href=\"https:\/\/quadrinhosdahora.com.br\/turma-do-zoiudo\/\">Turma do Zoiudo &#8211; lista dos HQ Kids&#8230;<\/a><\/p>\n\n\n<p><\/p>\n","protected":false},"excerpt":{"rendered":"<p>Lula Moura (roteiro, dire\u00e7\u00e3o e produ\u00e7\u00e3o) &amp; C\u00edcero de Souza (desenho) Turma do Zoiudo &#8211; lista dos HQ Kids&#8230;<\/p>\n","protected":false},"author":1,"featured_media":0,"parent":0,"menu_order":0,"comment_status":"closed","ping_status":"closed","template":"","meta":{"footnotes":""},"_links":{"self":[{"href":"https:\/\/quadrinhosdahora.com.br\/index.php?rest_route=\/wp\/v2\/pages\/485"}],"collection":[{"href":"https:\/\/quadrinhosdahora.com.br\/index.php?rest_route=\/wp\/v2\/pages"}],"about":[{"href":"https:\/\/quadrinhosdahora.com.br\/index.php?rest_route=\/wp\/v2\/types\/page"}],"author":[{"embeddable":true,"href":"https:\/\/quadrinhosdahora.com.br\/index.php?rest_route=\/wp\/v2\/users\/1"}],"replies":[{"embeddable":true,"href":"https:\/\/quadrinhosdahora.com.br\/index.php?rest_route=%2Fwp%2Fv2%2Fcomments&post=485"}],"version-history":[{"count":6,"href":"https:\/\/quadrinhosdahora.com.br\/index.php?rest_route=\/wp\/v2\/pages\/485\/revisions"}],"predecessor-version":[{"id":556,"href":"https:\/\/quadrinhosdahora.com.br\/index.php?rest_route=\/wp\/v2\/pages\/485\/revisions\/556"}],"wp:attachment":[{"href":"https:\/\/quadrinhosdahora.com.br\/index.php?rest_route=%2Fwp%2Fv2%2Fmedia&parent=485"}],"curies":[{"name":"wp","href":"https:\/\/api.w.org\/{rel}","templated":true}]}}