{"id":360,"date":"2020-10-25T13:13:58","date_gmt":"2020-10-25T16:13:58","guid":{"rendered":"https:\/\/quadrinhosdahora.com.br\/?page_id=360"},"modified":"2020-12-11T16:05:02","modified_gmt":"2020-12-11T18:05:02","slug":"tiresio-o-trex-vegano","status":"publish","type":"page","link":"https:\/\/quadrinhosdahora.com.br\/?page_id=360","title":{"rendered":"Tir\u00e9sio &#8211; o T&#8217;Rex Vegano"},"content":{"rendered":"\n<h5 class=\"wp-block-heading\"><strong>Lula Moura (roteiro, dire\u00e7\u00e3o e produ\u00e7\u00e3o)  &amp;  C\u00edcero de Souza (desenho)<\/strong><\/h5>\n\n\n\n<h5 class=\"wp-block-heading\">Epis\u00f3dios&#8230;<\/h5>\n\n\n\n<div class=\"wp-block-columns is-layout-flex wp-container-core-columns-is-layout-1 wp-block-columns-is-layout-flex\">\n<div class=\"wp-block-column is-layout-flow wp-block-column-is-layout-flow\">\n<figure class=\"wp-block-image size-large is-style-default\"><a href=\"https:\/\/quadrinhosdahora.com.br\/tiresio-o-trex-vegano-episodio-1\/\"><img loading=\"lazy\" decoding=\"async\" width=\"600\" height=\"750\" src=\"http:\/\/quadrinhosdahora.com.br\/wp-content\/uploads\/2020\/10\/HQ-01-003-0001-01-sem-legenda.png\" alt=\"\" class=\"wp-image-369\" srcset=\"https:\/\/quadrinhosdahora.com.br\/wp-content\/uploads\/2020\/10\/HQ-01-003-0001-01-sem-legenda.png 600w, https:\/\/quadrinhosdahora.com.br\/wp-content\/uploads\/2020\/10\/HQ-01-003-0001-01-sem-legenda-240x300.png 240w\" sizes=\"(max-width: 600px) 100vw, 600px\" \/><\/a><figcaption><a href=\"https:\/\/quadrinhosdahora.com.br\/tiresio-o-trex-vegano-episodio-1\/\" data-type=\"page\" data-id=\"371\">Epis\u00f3dio 0001 &#8211; Hora do Almo\u00e7o&#8230;<\/a><\/figcaption><\/figure>\n<\/div>\n\n\n\n<div class=\"wp-block-column is-layout-flow wp-block-column-is-layout-flow\">\n<figure class=\"wp-block-image size-large\"><a href=\"https:\/\/quadrinhosdahora.com.br\/tiresio-o-trex-vegano-hq-0002\/\"><img loading=\"lazy\" decoding=\"async\" width=\"600\" height=\"750\" src=\"http:\/\/quadrinhosdahora.com.br\/wp-content\/uploads\/2020\/12\/HQ-01-003-0002-01.png\" alt=\"\" class=\"wp-image-594\" srcset=\"https:\/\/quadrinhosdahora.com.br\/wp-content\/uploads\/2020\/12\/HQ-01-003-0002-01.png 600w, https:\/\/quadrinhosdahora.com.br\/wp-content\/uploads\/2020\/12\/HQ-01-003-0002-01-240x300.png 240w\" sizes=\"(max-width: 600px) 100vw, 600px\" \/><\/a><figcaption><a href=\"https:\/\/quadrinhosdahora.com.br\/tiresio-o-trex-vegano-hq-0002\/\" data-type=\"page\" data-id=\"592\">Epis\u00f3dio 0002 &#8211; A Ca\u00e7a&#8230;<\/a><\/figcaption><\/figure>\n\n\n\n<p><\/p>\n<\/div>\n\n\n\n<div class=\"wp-block-column is-layout-flow wp-block-column-is-layout-flow\"><\/div>\n<\/div>\n\n\n<p style=\"text-align: center;\"><a href=\"https:\/\/quadrinhosdahora.com.br\/turma-do-zoiudo\/\"><img loading=\"lazy\" decoding=\"async\" class=\"wp-image-264 aligncenter\" src=\"http:\/\/quadrinhosdahora.com.br\/wp-content\/uploads\/2020\/10\/voltar-PNG-2-300x300.png\" alt=\"\" width=\"95\" height=\"95\" srcset=\"https:\/\/quadrinhosdahora.com.br\/wp-content\/uploads\/2020\/10\/voltar-PNG-2-300x300.png 300w, https:\/\/quadrinhosdahora.com.br\/wp-content\/uploads\/2020\/10\/voltar-PNG-2-150x150.png 150w, https:\/\/quadrinhosdahora.com.br\/wp-content\/uploads\/2020\/10\/voltar-PNG-2-768x768.png 768w, https:\/\/quadrinhosdahora.com.br\/wp-content\/uploads\/2020\/10\/voltar-PNG-2.png 900w\" sizes=\"(max-width: 95px) 100vw, 95px\" \/><\/a><a href=\"https:\/\/quadrinhosdahora.com.br\/turma-do-zoiudo\/\">Turma do Zoiudo &#8211; lista dos HQ Kids&#8230;<\/a><\/p>","protected":false},"excerpt":{"rendered":"<p>Turma do Zoiudo &#8211; lista dos HQ Kids&#8230;<\/p>\n","protected":false},"author":1,"featured_media":0,"parent":0,"menu_order":0,"comment_status":"closed","ping_status":"closed","template":"","meta":{"footnotes":""},"_links":{"self":[{"href":"https:\/\/quadrinhosdahora.com.br\/index.php?rest_route=\/wp\/v2\/pages\/360"}],"collection":[{"href":"https:\/\/quadrinhosdahora.com.br\/index.php?rest_route=\/wp\/v2\/pages"}],"about":[{"href":"https:\/\/quadrinhosdahora.com.br\/index.php?rest_route=\/wp\/v2\/types\/page"}],"author":[{"embeddable":true,"href":"https:\/\/quadrinhosdahora.com.br\/index.php?rest_route=\/wp\/v2\/users\/1"}],"replies":[{"embeddable":true,"href":"https:\/\/quadrinhosdahora.com.br\/index.php?rest_route=%2Fwp%2Fv2%2Fcomments&post=360"}],"version-history":[{"count":12,"href":"https:\/\/quadrinhosdahora.com.br\/index.php?rest_route=\/wp\/v2\/pages\/360\/revisions"}],"predecessor-version":[{"id":609,"href":"https:\/\/quadrinhosdahora.com.br\/index.php?rest_route=\/wp\/v2\/pages\/360\/revisions\/609"}],"wp:attachment":[{"href":"https:\/\/quadrinhosdahora.com.br\/index.php?rest_route=%2Fwp%2Fv2%2Fmedia&parent=360"}],"curies":[{"name":"wp","href":"https:\/\/api.w.org\/{rel}","templated":true}]}}