{"id":257,"date":"2020-10-17T13:42:54","date_gmt":"2020-10-17T16:42:54","guid":{"rendered":"https:\/\/quadrinhosdahora.com.br\/?page_id=257"},"modified":"2020-11-22T15:03:18","modified_gmt":"2020-11-22T17:03:18","slug":"zoiudo-e-a-pandemia","status":"publish","type":"page","link":"https:\/\/quadrinhosdahora.com.br\/?page_id=257","title":{"rendered":"Zoiudo e a Pandemia"},"content":{"rendered":"\n<h5 class=\"wp-block-heading\"><strong>Lula Moura (roteiro, dire\u00e7\u00e3o e produ\u00e7\u00e3o)  &amp;  C\u00edcero de Souza (desenho)<\/strong><\/h5>\n\n\n\n<p><\/p>\n\n\n\n<h5 class=\"wp-block-heading\">Epis\u00f3dios&#8230;<\/h5>\n\n\n\n<div class=\"wp-block-columns is-layout-flex wp-container-core-columns-is-layout-1 wp-block-columns-is-layout-flex\">\n<div class=\"wp-block-column is-layout-flow wp-block-column-is-layout-flow\">\n<figure class=\"wp-block-image size-large is-style-default\"><a href=\"https:\/\/quadrinhosdahora.com.br\/zoiudo-e-a-pandemia-001\/\"><img loading=\"lazy\" decoding=\"async\" width=\"600\" height=\"750\" src=\"http:\/\/quadrinhosdahora.com.br\/wp-content\/uploads\/2020\/10\/HQ-01-001-0001-01-600-x-750.png\" alt=\"\" class=\"wp-image-390\" srcset=\"https:\/\/quadrinhosdahora.com.br\/wp-content\/uploads\/2020\/10\/HQ-01-001-0001-01-600-x-750.png 600w, https:\/\/quadrinhosdahora.com.br\/wp-content\/uploads\/2020\/10\/HQ-01-001-0001-01-600-x-750-240x300.png 240w\" sizes=\"(max-width: 600px) 100vw, 600px\" \/><\/a><figcaption><a href=\"https:\/\/quadrinhosdahora.com.br\/zoiudo-e-a-pandemia-001\/\" data-type=\"page\" data-id=\"93\">Epis\u00f3dio 1 &#8211; Zoiudo est\u00e1 h\u00e1 cinco meses sem brincar com os amigos<\/a><\/figcaption><\/figure>\n<\/div>\n\n\n\n<div class=\"wp-block-column is-layout-flow wp-block-column-is-layout-flow\">\n<figure class=\"wp-block-image size-large is-style-default\"><a href=\"https:\/\/quadrinhosdahora.com.br\/zoiudo-e-a-pandemia-hq-0002\/\"><img loading=\"lazy\" decoding=\"async\" width=\"600\" height=\"750\" src=\"http:\/\/quadrinhosdahora.com.br\/wp-content\/uploads\/2020\/11\/HQ-01-001-0002-01.png\" alt=\"\" class=\"wp-image-531\" srcset=\"https:\/\/quadrinhosdahora.com.br\/wp-content\/uploads\/2020\/11\/HQ-01-001-0002-01.png 600w, https:\/\/quadrinhosdahora.com.br\/wp-content\/uploads\/2020\/11\/HQ-01-001-0002-01-240x300.png 240w\" sizes=\"(max-width: 600px) 100vw, 600px\" \/><\/a><figcaption><a href=\"https:\/\/quadrinhosdahora.com.br\/zoiudo-e-a-pandemia-hq-0002\/\" data-type=\"page\" data-id=\"530\">Epis\u00f3dio 0002 &#8211; Ensino a dist\u00e2ncia<\/a><\/figcaption><\/figure>\n<\/div>\n\n\n\n<div class=\"wp-block-column is-layout-flow wp-block-column-is-layout-flow\"><\/div>\n<\/div>\n\n\n<p style=\"text-align: center;\"><a href=\"https:\/\/quadrinhosdahora.com.br\/turma-do-zoiudo\/\"><img loading=\"lazy\" decoding=\"async\" class=\"wp-image-264 aligncenter\" src=\"http:\/\/quadrinhosdahora.com.br\/wp-content\/uploads\/2020\/10\/voltar-PNG-2-300x300.png\" alt=\"\" width=\"95\" height=\"95\" srcset=\"https:\/\/quadrinhosdahora.com.br\/wp-content\/uploads\/2020\/10\/voltar-PNG-2-300x300.png 300w, https:\/\/quadrinhosdahora.com.br\/wp-content\/uploads\/2020\/10\/voltar-PNG-2-150x150.png 150w, https:\/\/quadrinhosdahora.com.br\/wp-content\/uploads\/2020\/10\/voltar-PNG-2-768x768.png 768w, https:\/\/quadrinhosdahora.com.br\/wp-content\/uploads\/2020\/10\/voltar-PNG-2.png 900w\" sizes=\"(max-width: 95px) 100vw, 95px\" \/><\/a><a href=\"https:\/\/quadrinhosdahora.com.br\/turma-do-zoiudo\/\">Turma do Zoiudo &#8211; lista dos HD Kids&#8230;<\/a><\/p>\n<p style=\"text-align: center;\"><\/p>\n\n\n<p><\/p>\n","protected":false},"excerpt":{"rendered":"<p>Turma do Zoiudo &#8211; lista dos HD Kids&#8230;<\/p>\n","protected":false},"author":1,"featured_media":0,"parent":0,"menu_order":0,"comment_status":"closed","ping_status":"closed","template":"","meta":{"footnotes":""},"_links":{"self":[{"href":"https:\/\/quadrinhosdahora.com.br\/index.php?rest_route=\/wp\/v2\/pages\/257"}],"collection":[{"href":"https:\/\/quadrinhosdahora.com.br\/index.php?rest_route=\/wp\/v2\/pages"}],"about":[{"href":"https:\/\/quadrinhosdahora.com.br\/index.php?rest_route=\/wp\/v2\/types\/page"}],"author":[{"embeddable":true,"href":"https:\/\/quadrinhosdahora.com.br\/index.php?rest_route=\/wp\/v2\/users\/1"}],"replies":[{"embeddable":true,"href":"https:\/\/quadrinhosdahora.com.br\/index.php?rest_route=%2Fwp%2Fv2%2Fcomments&post=257"}],"version-history":[{"count":13,"href":"https:\/\/quadrinhosdahora.com.br\/index.php?rest_route=\/wp\/v2\/pages\/257\/revisions"}],"predecessor-version":[{"id":677,"href":"https:\/\/quadrinhosdahora.com.br\/index.php?rest_route=\/wp\/v2\/pages\/257\/revisions\/677"}],"wp:attachment":[{"href":"https:\/\/quadrinhosdahora.com.br\/index.php?rest_route=%2Fwp%2Fv2%2Fmedia&parent=257"}],"curies":[{"name":"wp","href":"https:\/\/api.w.org\/{rel}","templated":true}]}}